{"id":61,"date":"2020-12-04T12:51:10","date_gmt":"2020-12-04T15:51:10","guid":{"rendered":"https:\/\/themes.muffingroup.com\/be\/finance4_el\/?page_id=61"},"modified":"2024-12-27T21:59:34","modified_gmt":"2024-12-28T00:59:34","slug":"parcerias","status":"publish","type":"page","link":"https:\/\/tagfilhos.com.br\/?page_id=61","title":{"rendered":"Parcerias"},"content":{"rendered":"\t\t<div data-elementor-type=\"wp-page\" data-elementor-id=\"61\" class=\"elementor elementor-61\" data-elementor-post-type=\"page\">\n\t\t\t\t\t\t\t\t\t<section class=\"elementor-section elementor-top-section elementor-element elementor-element-b153833 elementor-section-stretched elementor-section-boxed elementor-section-height-default elementor-section-height-default\" data-id=\"b153833\" data-element_type=\"section\" data-settings=\"{&quot;stretch_section&quot;:&quot;section-stretched&quot;,&quot;background_background&quot;:&quot;classic&quot;}\">\n\t\t\t\t\t\t<div class=\"elementor-container elementor-column-gap-wider\">\n\t\t\t\t\t<div class=\"elementor-column elementor-col-100 elementor-top-column elementor-element elementor-element-ca17d52\" data-id=\"ca17d52\" data-element_type=\"column\">\n\t\t\t<div class=\"elementor-widget-wrap elementor-element-populated\">\n\t\t\t\t\t\t\t\t<div class=\"elementor-element elementor-element-d0c72c7 elementor-widget elementor-widget-text-editor\" data-id=\"d0c72c7\" data-element_type=\"widget\" data-widget_type=\"text-editor.default\">\n\t\t\t\t<div class=\"elementor-widget-container\">\n\t\t\t<style>\/*! elementor - v3.14.0 - 26-06-2023 *\/\n.elementor-widget-text-editor.elementor-drop-cap-view-stacked .elementor-drop-cap{background-color:#69727d;color:#fff}.elementor-widget-text-editor.elementor-drop-cap-view-framed .elementor-drop-cap{color:#69727d;border:3px solid;background-color:transparent}.elementor-widget-text-editor:not(.elementor-drop-cap-view-default) .elementor-drop-cap{margin-top:8px}.elementor-widget-text-editor:not(.elementor-drop-cap-view-default) .elementor-drop-cap-letter{width:1em;height:1em}.elementor-widget-text-editor .elementor-drop-cap{float:left;text-align:center;line-height:1;font-size:50px}.elementor-widget-text-editor .elementor-drop-cap-letter{display:inline-block}<\/style>\t\t\t\t<h2><span style=\"color: #f7f7f7;\">Seja um Parceiro!<\/span><\/h2><div><span style=\"color: #f7f7f7;\">\u00a0<\/span><\/div><h2><span style=\"color: #f7f7f7;\"><span style=\"color: #5fd58c;\">A TagFilhos\u00a0<\/span>leva a seguran\u00e7a de famil\u00edas, com pre\u00e7o justo e facilidade<\/span><\/h2>\t\t\t\t\t\t<\/div>\n\t\t\t\t<\/div>\n\t\t\t\t<section class=\"elementor-section elementor-inner-section elementor-element elementor-element-7856383 elementor-section-content-middle elementor-section-full_width elementor-section-height-default elementor-section-height-default\" data-id=\"7856383\" data-element_type=\"section\">\n\t\t\t\t\t\t<div class=\"elementor-container elementor-column-gap-default\">\n\t\t\t\t\t<div class=\"elementor-column elementor-col-50 elementor-inner-column elementor-element elementor-element-baa63f3\" data-id=\"baa63f3\" data-element_type=\"column\">\n\t\t\t<div class=\"elementor-widget-wrap elementor-element-populated\">\n\t\t\t\t\t\t\t\t<div class=\"elementor-element elementor-element-3b33fea elementor-widget elementor-widget-image\" data-id=\"3b33fea\" data-element_type=\"widget\" data-widget_type=\"image.default\">\n\t\t\t\t<div class=\"elementor-widget-container\">\n\t\t\t<style>\/*! elementor - v3.14.0 - 26-06-2023 *\/\n.elementor-widget-image{text-align:center}.elementor-widget-image a{display:inline-block}.elementor-widget-image a img[src$=\".svg\"]{width:48px}.elementor-widget-image img{vertical-align:middle;display:inline-block}<\/style>\t\t\t\t\t\t\t\t\t\t\t\t<img loading=\"lazy\" decoding=\"async\" width=\"500\" height=\"500\" src=\"https:\/\/tagfilhos.com.br\/wp-content\/uploads\/2024\/06\/Sou-um-Robo-de-localizacao-2.png\" class=\"attachment-large size-large wp-image-2149\" alt=\"\" srcset=\"https:\/\/tagfilhos.com.br\/wp-content\/uploads\/2024\/06\/Sou-um-Robo-de-localizacao-2.png 500w, https:\/\/tagfilhos.com.br\/wp-content\/uploads\/2024\/06\/Sou-um-Robo-de-localizacao-2-300x300.png 300w, https:\/\/tagfilhos.com.br\/wp-content\/uploads\/2024\/06\/Sou-um-Robo-de-localizacao-2-150x150.png 150w, https:\/\/tagfilhos.com.br\/wp-content\/uploads\/2024\/06\/Sou-um-Robo-de-localizacao-2-146x146.png 146w, https:\/\/tagfilhos.com.br\/wp-content\/uploads\/2024\/06\/Sou-um-Robo-de-localizacao-2-50x50.png 50w, https:\/\/tagfilhos.com.br\/wp-content\/uploads\/2024\/06\/Sou-um-Robo-de-localizacao-2-75x75.png 75w, https:\/\/tagfilhos.com.br\/wp-content\/uploads\/2024\/06\/Sou-um-Robo-de-localizacao-2-85x85.png 85w, https:\/\/tagfilhos.com.br\/wp-content\/uploads\/2024\/06\/Sou-um-Robo-de-localizacao-2-80x80.png 80w\" sizes=\"auto, (max-width: 500px) 100vw, 500px\" \/>\t\t\t\t\t\t\t\t\t\t\t\t\t\t\t<\/div>\n\t\t\t\t<\/div>\n\t\t\t\t\t<\/div>\n\t\t<\/div>\n\t\t\t\t<div class=\"elementor-column elementor-col-50 elementor-inner-column elementor-element elementor-element-fe5d9db\" data-id=\"fe5d9db\" data-element_type=\"column\">\n\t\t\t<div class=\"elementor-widget-wrap elementor-element-populated\">\n\t\t\t\t\t\t\t\t<div class=\"elementor-element elementor-element-8b5ac4a elementor-widget elementor-widget-text-editor\" data-id=\"8b5ac4a\" data-element_type=\"widget\" data-widget_type=\"text-editor.default\">\n\t\t\t\t<div class=\"elementor-widget-container\">\n\t\t\t\t\t\t\t<p style=\"text-align: center;\"><strong><img loading=\"lazy\" decoding=\"async\" class=\"alignnone wp-image-1353\" src=\"https:\/\/tagfilhos.com.br\/wp-content\/uploads\/2024\/05\/FAVICON-TAG-FILHO.png\" alt=\"\" width=\"30\" height=\"32\" srcset=\"https:\/\/tagfilhos.com.br\/wp-content\/uploads\/2024\/05\/FAVICON-TAG-FILHO.png 85w, https:\/\/tagfilhos.com.br\/wp-content\/uploads\/2024\/05\/FAVICON-TAG-FILHO-46x50.png 46w, https:\/\/tagfilhos.com.br\/wp-content\/uploads\/2024\/05\/FAVICON-TAG-FILHO-69x75.png 69w\" sizes=\"auto, (max-width: 30px) 100vw, 30px\" \/>\u00a0 VENDA A PULSEIRA TAGFILHOS:<\/strong><\/p>\t\t\t\t\t\t<\/div>\n\t\t\t\t<\/div>\n\t\t\t\t<div class=\"elementor-element elementor-element-6759e3a elementor-widget elementor-widget-text-editor\" data-id=\"6759e3a\" data-element_type=\"widget\" data-widget_type=\"text-editor.default\">\n\t\t\t\t<div class=\"elementor-widget-container\">\n\t\t\t\t\t\t\t<h3 style=\"text-align: center;\"><span style=\"color: #f7f7f7;\">Resultados garantidos e faturamento confirmado<\/span><\/h3><div style=\"text-align: center;\"><span style=\"color: #f7f7f7;\">\u00a0<\/span><\/div><h3 style=\"text-align: center;\"><span style=\"color: #f7f7f7;\">Fale conosco, e veja como podemos ajudar voc\u00ea nesta parceria<\/span><\/h3><div style=\"text-align: center;\"><span style=\"color: #f7f7f7;\">\u00a0<\/span><\/div><h3 style=\"text-align: center;\"><span style=\"color: #f7f7f7;\"><span style=\"color: #5fd58c;\">Entrega agilizada!<\/span><\/span><\/h3>\t\t\t\t\t\t<\/div>\n\t\t\t\t<\/div>\n\t\t\t\t<div class=\"elementor-element elementor-element-5132e2c elementor-align-center elementor-mobile-align-center elementor-widget elementor-widget-button\" data-id=\"5132e2c\" data-element_type=\"widget\" data-widget_type=\"button.default\">\n\t\t\t\t<div class=\"elementor-widget-container\">\n\t\t\t\t\t<div class=\"elementor-button-wrapper\">\n\t\t\t<a class=\"elementor-button elementor-button-link elementor-size-sm\" href=\"https:\/\/api.whatsapp.com\/send?phone=5511948104717&#038;text=Quero%20me%20tornar%20um%20revendedor%20PetMaps\">\n\t\t\t\t\t\t<span class=\"elementor-button-content-wrapper\">\n\t\t\t\t\t\t<span class=\"elementor-button-text\">Seja um Revendedor<\/span>\n\t\t<\/span>\n\t\t\t\t\t<\/a>\n\t\t<\/div>\n\t\t\t\t<\/div>\n\t\t\t\t<\/div>\n\t\t\t\t\t<\/div>\n\t\t<\/div>\n\t\t\t\t\t\t\t<\/div>\n\t\t<\/section>\n\t\t\t\t\t<\/div>\n\t\t<\/div>\n\t\t\t\t\t\t\t<\/div>\n\t\t<\/section>\n\t\t\t\t<section class=\"elementor-section elementor-top-section elementor-element elementor-element-d90b1a0 elementor-section-full_width elementor-section-stretched elementor-section-height-default elementor-section-height-default\" data-id=\"d90b1a0\" data-element_type=\"section\" data-settings=\"{&quot;stretch_section&quot;:&quot;section-stretched&quot;}\">\n\t\t\t\t\t\t<div class=\"elementor-container elementor-column-gap-wider\">\n\t\t\t\t\t<div class=\"elementor-column elementor-col-100 elementor-top-column elementor-element elementor-element-52c8b40\" data-id=\"52c8b40\" data-element_type=\"column\">\n\t\t\t<div class=\"elementor-widget-wrap elementor-element-populated\">\n\t\t\t\t\t\t\t\t<section class=\"elementor-section elementor-inner-section elementor-element elementor-element-71b65ea elementor-section-full_width elementor-section-content-middle elementor-section-height-default elementor-section-height-default\" data-id=\"71b65ea\" data-element_type=\"section\">\n\t\t\t\t\t\t<div class=\"elementor-container elementor-column-gap-default\">\n\t\t\t\t\t<div class=\"elementor-column elementor-col-50 elementor-inner-column elementor-element elementor-element-1cb7755\" data-id=\"1cb7755\" data-element_type=\"column\">\n\t\t\t<div class=\"elementor-widget-wrap elementor-element-populated\">\n\t\t\t\t\t\t\t\t<div class=\"elementor-element elementor-element-d3d4c00 elementor-widget elementor-widget-image\" data-id=\"d3d4c00\" data-element_type=\"widget\" data-widget_type=\"image.default\">\n\t\t\t\t<div class=\"elementor-widget-container\">\n\t\t\t\t\t\t\t\t\t\t\t\t\t\t\t<img loading=\"lazy\" decoding=\"async\" width=\"500\" height=\"500\" src=\"https:\/\/tagfilhos.com.br\/wp-content\/uploads\/2024\/06\/Sou-um-Robo-de-localizacao-1.png\" class=\"attachment-large size-large wp-image-2147\" alt=\"\" srcset=\"https:\/\/tagfilhos.com.br\/wp-content\/uploads\/2024\/06\/Sou-um-Robo-de-localizacao-1.png 500w, https:\/\/tagfilhos.com.br\/wp-content\/uploads\/2024\/06\/Sou-um-Robo-de-localizacao-1-300x300.png 300w, https:\/\/tagfilhos.com.br\/wp-content\/uploads\/2024\/06\/Sou-um-Robo-de-localizacao-1-150x150.png 150w, https:\/\/tagfilhos.com.br\/wp-content\/uploads\/2024\/06\/Sou-um-Robo-de-localizacao-1-146x146.png 146w, https:\/\/tagfilhos.com.br\/wp-content\/uploads\/2024\/06\/Sou-um-Robo-de-localizacao-1-50x50.png 50w, https:\/\/tagfilhos.com.br\/wp-content\/uploads\/2024\/06\/Sou-um-Robo-de-localizacao-1-75x75.png 75w, https:\/\/tagfilhos.com.br\/wp-content\/uploads\/2024\/06\/Sou-um-Robo-de-localizacao-1-85x85.png 85w, https:\/\/tagfilhos.com.br\/wp-content\/uploads\/2024\/06\/Sou-um-Robo-de-localizacao-1-80x80.png 80w\" sizes=\"auto, (max-width: 500px) 100vw, 500px\" \/>\t\t\t\t\t\t\t\t\t\t\t\t\t\t\t<\/div>\n\t\t\t\t<\/div>\n\t\t\t\t\t<\/div>\n\t\t<\/div>\n\t\t\t\t<div class=\"elementor-column elementor-col-50 elementor-inner-column elementor-element elementor-element-622e367\" data-id=\"622e367\" data-element_type=\"column\">\n\t\t\t<div class=\"elementor-widget-wrap elementor-element-populated\">\n\t\t\t\t\t\t\t\t<div class=\"elementor-element elementor-element-9cbaa38 elementor-widget__width-initial elementor-widget elementor-widget-text-editor\" data-id=\"9cbaa38\" data-element_type=\"widget\" data-widget_type=\"text-editor.default\">\n\t\t\t\t<div class=\"elementor-widget-container\">\n\t\t\t\t\t\t\t<p>Pacotes exclusivos com pre\u00e7os atrativos.<\/p><h3>Sendo um revendedor, voc\u00ea tem pre\u00e7os diferenciados, para trazer ao seu neg\u00f3cio a rentabilidade esperada. Conhe\u00e7a os pacotes exclusivos de pre\u00e7os para revenda.<br \/>\u00a0Obtenha o expositor de mesa Tagfilhos e venda 3 vezes mais!<\/h3>\t\t\t\t\t\t<\/div>\n\t\t\t\t<\/div>\n\t\t\t\t\t<\/div>\n\t\t<\/div>\n\t\t\t\t\t\t\t<\/div>\n\t\t<\/section>\n\t\t\t\t<section class=\"elementor-section elementor-inner-section elementor-element elementor-element-7100485 elementor-section-full_width elementor-section-content-middle elementor-reverse-mobile elementor-section-height-default elementor-section-height-default\" data-id=\"7100485\" data-element_type=\"section\">\n\t\t\t\t\t\t<div class=\"elementor-container elementor-column-gap-default\">\n\t\t\t\t\t<div class=\"elementor-column elementor-col-50 elementor-inner-column elementor-element elementor-element-79af927\" data-id=\"79af927\" data-element_type=\"column\">\n\t\t\t<div class=\"elementor-widget-wrap elementor-element-populated\">\n\t\t\t\t\t\t\t\t<div class=\"elementor-element elementor-element-88c4950 elementor-widget__width-initial elementor-widget elementor-widget-text-editor\" data-id=\"88c4950\" data-element_type=\"widget\" data-widget_type=\"text-editor.default\">\n\t\t\t\t<div class=\"elementor-widget-container\">\n\t\t\t\t\t\t\t<p>Planos de crescimento como Parceiro<\/p><h3>Sendo um parceiro TagFilhos, voc\u00ea vai participar de planos crescente, cada vez conseguindo mais vantagens.<\/h3>\t\t\t\t\t\t<\/div>\n\t\t\t\t<\/div>\n\t\t\t\t\t<\/div>\n\t\t<\/div>\n\t\t\t\t<div class=\"elementor-column elementor-col-50 elementor-inner-column elementor-element elementor-element-9aa965c\" data-id=\"9aa965c\" data-element_type=\"column\">\n\t\t\t<div class=\"elementor-widget-wrap elementor-element-populated\">\n\t\t\t\t\t\t\t\t<div class=\"elementor-element elementor-element-d806b95 elementor-widget elementor-widget-image\" data-id=\"d806b95\" data-element_type=\"widget\" data-widget_type=\"image.default\">\n\t\t\t\t<div class=\"elementor-widget-container\">\n\t\t\t\t\t\t\t\t\t\t\t\t\t\t\t<img loading=\"lazy\" decoding=\"async\" width=\"500\" height=\"413\" src=\"https:\/\/tagfilhos.com.br\/wp-content\/uploads\/2024\/06\/parceria-tagfilhos-3.png\" class=\"attachment-large size-large wp-image-2187\" alt=\"\" srcset=\"https:\/\/tagfilhos.com.br\/wp-content\/uploads\/2024\/06\/parceria-tagfilhos-3.png 500w, https:\/\/tagfilhos.com.br\/wp-content\/uploads\/2024\/06\/parceria-tagfilhos-3-300x248.png 300w, https:\/\/tagfilhos.com.br\/wp-content\/uploads\/2024\/06\/parceria-tagfilhos-3-177x146.png 177w, https:\/\/tagfilhos.com.br\/wp-content\/uploads\/2024\/06\/parceria-tagfilhos-3-50x41.png 50w, https:\/\/tagfilhos.com.br\/wp-content\/uploads\/2024\/06\/parceria-tagfilhos-3-91x75.png 91w\" sizes=\"auto, (max-width: 500px) 100vw, 500px\" \/>\t\t\t\t\t\t\t\t\t\t\t\t\t\t\t<\/div>\n\t\t\t\t<\/div>\n\t\t\t\t\t<\/div>\n\t\t<\/div>\n\t\t\t\t\t\t\t<\/div>\n\t\t<\/section>\n\t\t\t\t<section class=\"elementor-section elementor-inner-section elementor-element elementor-element-02b1745 elementor-section-full_width elementor-section-content-middle elementor-section-height-default elementor-section-height-default\" data-id=\"02b1745\" data-element_type=\"section\">\n\t\t\t\t\t\t<div class=\"elementor-container elementor-column-gap-default\">\n\t\t\t\t\t<div class=\"elementor-column elementor-col-50 elementor-inner-column elementor-element elementor-element-c7e6dab\" data-id=\"c7e6dab\" data-element_type=\"column\">\n\t\t\t<div class=\"elementor-widget-wrap elementor-element-populated\">\n\t\t\t\t\t\t\t\t<div class=\"elementor-element elementor-element-210cd20 elementor-widget elementor-widget-image\" data-id=\"210cd20\" data-element_type=\"widget\" data-widget_type=\"image.default\">\n\t\t\t\t<div class=\"elementor-widget-container\">\n\t\t\t\t\t\t\t\t\t\t\t\t\t\t\t<img loading=\"lazy\" decoding=\"async\" width=\"500\" height=\"385\" src=\"https:\/\/tagfilhos.com.br\/wp-content\/uploads\/2024\/06\/parceria-tagfilhos-2.png\" class=\"attachment-large size-large wp-image-2186\" alt=\"\" srcset=\"https:\/\/tagfilhos.com.br\/wp-content\/uploads\/2024\/06\/parceria-tagfilhos-2.png 500w, https:\/\/tagfilhos.com.br\/wp-content\/uploads\/2024\/06\/parceria-tagfilhos-2-300x231.png 300w, https:\/\/tagfilhos.com.br\/wp-content\/uploads\/2024\/06\/parceria-tagfilhos-2-190x146.png 190w, https:\/\/tagfilhos.com.br\/wp-content\/uploads\/2024\/06\/parceria-tagfilhos-2-50x39.png 50w, https:\/\/tagfilhos.com.br\/wp-content\/uploads\/2024\/06\/parceria-tagfilhos-2-97x75.png 97w\" sizes=\"auto, (max-width: 500px) 100vw, 500px\" \/>\t\t\t\t\t\t\t\t\t\t\t\t\t\t\t<\/div>\n\t\t\t\t<\/div>\n\t\t\t\t\t<\/div>\n\t\t<\/div>\n\t\t\t\t<div class=\"elementor-column elementor-col-50 elementor-inner-column elementor-element elementor-element-ca41d8b\" data-id=\"ca41d8b\" data-element_type=\"column\">\n\t\t\t<div class=\"elementor-widget-wrap elementor-element-populated\">\n\t\t\t\t\t\t\t\t<div class=\"elementor-element elementor-element-6571753 elementor-widget__width-initial elementor-widget elementor-widget-text-editor\" data-id=\"6571753\" data-element_type=\"widget\" data-widget_type=\"text-editor.default\">\n\t\t\t\t<div class=\"elementor-widget-container\">\n\t\t\t\t\t\t\t<p style=\"text-align: center;\">Plano de indica\u00e7\u00f5es Indique e ganhe<\/p><h3>Indicando a TagFilhos para novos parceiros, voc\u00ea eleva o seu n\u00edvel de parceria conosco.<br \/>A cada n\u00edvel de parceria voc\u00ea ter\u00e1 condi\u00e7\u00f5es de pagamento de pre\u00e7o diferenciadas.<\/h3>\t\t\t\t\t\t<\/div>\n\t\t\t\t<\/div>\n\t\t\t\t\t<\/div>\n\t\t<\/div>\n\t\t\t\t\t\t\t<\/div>\n\t\t<\/section>\n\t\t\t\t\t<\/div>\n\t\t<\/div>\n\t\t\t\t\t\t\t<\/div>\n\t\t<\/section>\n\t\t\t\t<section class=\"elementor-section elementor-top-section elementor-element elementor-element-411de00 elementor-section-stretched elementor-section-boxed elementor-section-height-default elementor-section-height-default\" data-id=\"411de00\" data-element_type=\"section\" data-settings=\"{&quot;stretch_section&quot;:&quot;section-stretched&quot;,&quot;background_background&quot;:&quot;classic&quot;}\">\n\t\t\t\t\t\t<div class=\"elementor-container elementor-column-gap-wider\">\n\t\t\t\t\t<div class=\"elementor-column elementor-col-100 elementor-top-column elementor-element elementor-element-1ba68b3\" data-id=\"1ba68b3\" data-element_type=\"column\">\n\t\t\t<div class=\"elementor-widget-wrap elementor-element-populated\">\n\t\t\t\t\t\t\t\t<div class=\"elementor-element elementor-element-de3c874 elementor-widget elementor-widget-image\" data-id=\"de3c874\" data-element_type=\"widget\" data-widget_type=\"image.default\">\n\t\t\t\t<div class=\"elementor-widget-container\">\n\t\t\t\t\t\t\t\t\t\t\t\t\t\t\t<img loading=\"lazy\" decoding=\"async\" width=\"1024\" height=\"456\" src=\"https:\/\/tagfilhos.com.br\/wp-content\/uploads\/2024\/06\/parceria-tagfilhos-4-1024x456.png\" class=\"attachment-large size-large wp-image-2190\" alt=\"\" srcset=\"https:\/\/tagfilhos.com.br\/wp-content\/uploads\/2024\/06\/parceria-tagfilhos-4-1024x456.png 1024w, https:\/\/tagfilhos.com.br\/wp-content\/uploads\/2024\/06\/parceria-tagfilhos-4-300x133.png 300w, https:\/\/tagfilhos.com.br\/wp-content\/uploads\/2024\/06\/parceria-tagfilhos-4-768x342.png 768w, https:\/\/tagfilhos.com.br\/wp-content\/uploads\/2024\/06\/parceria-tagfilhos-4-260x116.png 260w, https:\/\/tagfilhos.com.br\/wp-content\/uploads\/2024\/06\/parceria-tagfilhos-4-50x22.png 50w, https:\/\/tagfilhos.com.br\/wp-content\/uploads\/2024\/06\/parceria-tagfilhos-4-150x67.png 150w, https:\/\/tagfilhos.com.br\/wp-content\/uploads\/2024\/06\/parceria-tagfilhos-4.png 1063w\" sizes=\"auto, (max-width: 1024px) 100vw, 1024px\" \/>\t\t\t\t\t\t\t\t\t\t\t\t\t\t\t<\/div>\n\t\t\t\t<\/div>\n\t\t\t\t<section class=\"elementor-section elementor-inner-section elementor-element elementor-element-687d31a elementor-section-boxed elementor-section-height-default elementor-section-height-default\" data-id=\"687d31a\" data-element_type=\"section\">\n\t\t\t\t\t\t<div class=\"elementor-container elementor-column-gap-default\">\n\t\t\t\t\t<div class=\"elementor-column elementor-col-100 elementor-inner-column elementor-element elementor-element-2a5f833\" data-id=\"2a5f833\" data-element_type=\"column\">\n\t\t\t<div class=\"elementor-widget-wrap elementor-element-populated\">\n\t\t\t\t\t\t\t\t<div class=\"elementor-element elementor-element-23b7422 elementor-widget elementor-widget-text-editor\" data-id=\"23b7422\" data-element_type=\"widget\" data-widget_type=\"text-editor.default\">\n\t\t\t\t<div class=\"elementor-widget-container\">\n\t\t\t\t\t\t\t<p style=\"text-align: center;\">Venda TagFilhos aos seu cliente e veja os resultados<\/p><h3 style=\"text-align: center;\">\u00a0Junte-se ao nosso time de parceiros e inclua as Pulseiras Tagfilhos em seu neg\u00f3cio. Eles podem ser vendidos em diversos tipos de estabelecimentos comerciais, oferecendo um diferencial para seus clientes. N\u00e3o perca essa oportunidade de agregar valor ao seu neg\u00f3cio!<\/h3>\t\t\t\t\t\t<\/div>\n\t\t\t\t<\/div>\n\t\t\t\t<div class=\"elementor-element elementor-element-169ed04 elementor-align-center elementor-widget elementor-widget-button\" data-id=\"169ed04\" data-element_type=\"widget\" data-widget_type=\"button.default\">\n\t\t\t\t<div class=\"elementor-widget-container\">\n\t\t\t\t\t<div class=\"elementor-button-wrapper\">\n\t\t\t<a class=\"elementor-button elementor-button-link elementor-size-sm\" href=\"https:\/\/api.whatsapp.com\/send?phone=5511931001065&#038;text=Quero%20me%20tornar%20um%20revendedor%20PetMaps\">\n\t\t\t\t\t\t<span class=\"elementor-button-content-wrapper\">\n\t\t\t\t\t\t<span class=\"elementor-button-text\">Seja um Revendedor<\/span>\n\t\t<\/span>\n\t\t\t\t\t<\/a>\n\t\t<\/div>\n\t\t\t\t<\/div>\n\t\t\t\t<\/div>\n\t\t\t\t\t<\/div>\n\t\t<\/div>\n\t\t\t\t\t\t\t<\/div>\n\t\t<\/section>\n\t\t\t\t\t<\/div>\n\t\t<\/div>\n\t\t\t\t\t\t\t<\/div>\n\t\t<\/section>\n\t\t\t\t<section class=\"elementor-section elementor-top-section elementor-element elementor-element-b168a0c elementor-section-full_width elementor-section-stretched elementor-section-height-default elementor-section-height-default\" data-id=\"b168a0c\" data-element_type=\"section\" data-settings=\"{&quot;stretch_section&quot;:&quot;section-stretched&quot;}\">\n\t\t\t\t\t\t<div class=\"elementor-container elementor-column-gap-no\">\n\t\t\t\t\t<div class=\"elementor-column elementor-col-100 elementor-top-column elementor-element elementor-element-1d3f7ce\" data-id=\"1d3f7ce\" data-element_type=\"column\">\n\t\t\t<div class=\"elementor-widget-wrap elementor-element-populated\">\n\t\t\t\t\t\t\t\t<div class=\"elementor-element elementor-element-c5a86f6 elementor-widget elementor-widget-image\" data-id=\"c5a86f6\" data-element_type=\"widget\" data-widget_type=\"image.default\">\n\t\t\t\t<div class=\"elementor-widget-container\">\n\t\t\t\t\t\t\t\t\t\t\t\t\t\t\t<img loading=\"lazy\" decoding=\"async\" width=\"1024\" height=\"88\" src=\"https:\/\/tagfilhos.com.br\/wp-content\/uploads\/2020\/12\/finance4-footer-bg1-1-1024x88.png\" class=\"attachment-large size-large wp-image-23\" alt=\"\" srcset=\"https:\/\/tagfilhos.com.br\/wp-content\/uploads\/2020\/12\/finance4-footer-bg1-1-1024x88.png 1024w, https:\/\/tagfilhos.com.br\/wp-content\/uploads\/2020\/12\/finance4-footer-bg1-1-300x26.png 300w, https:\/\/tagfilhos.com.br\/wp-content\/uploads\/2020\/12\/finance4-footer-bg1-1-768x66.png 768w, https:\/\/tagfilhos.com.br\/wp-content\/uploads\/2020\/12\/finance4-footer-bg1-1-1536x132.png 1536w, https:\/\/tagfilhos.com.br\/wp-content\/uploads\/2020\/12\/finance4-footer-bg1-1-260x22.png 260w, https:\/\/tagfilhos.com.br\/wp-content\/uploads\/2020\/12\/finance4-footer-bg1-1-50x4.png 50w, https:\/\/tagfilhos.com.br\/wp-content\/uploads\/2020\/12\/finance4-footer-bg1-1-150x13.png 150w, https:\/\/tagfilhos.com.br\/wp-content\/uploads\/2020\/12\/finance4-footer-bg1-1.png 1920w\" sizes=\"auto, (max-width: 1024px) 100vw, 1024px\" \/>\t\t\t\t\t\t\t\t\t\t\t\t\t\t\t<\/div>\n\t\t\t\t<\/div>\n\t\t\t\t\t<\/div>\n\t\t<\/div>\n\t\t\t\t\t\t\t<\/div>\n\t\t<\/section>\n\t\t\t\t\t\t\t<\/div>\n\t\t","protected":false},"excerpt":{"rendered":"<p>Seja um Parceiro! \u00a0 A TagFilhos\u00a0leva a seguran\u00e7a de famil\u00edas, com pre\u00e7o justo e facilidade \u00a0 VENDA A PULSEIRA TAGFILHOS: Resultados garantidos e faturamento confirmado \u00a0<span class=\"excerpt-hellip\"> [\u2026]<\/span><\/p>\n","protected":false},"author":1,"featured_media":0,"parent":0,"menu_order":0,"comment_status":"closed","ping_status":"closed","template":"","meta":{"om_disable_all_campaigns":false,"_monsterinsights_skip_tracking":false,"_monsterinsights_sitenote_active":false,"_monsterinsights_sitenote_note":"","_monsterinsights_sitenote_category":0,"footnotes":""},"class_list":["post-61","page","type-page","status-publish","hentry"],"aioseo_notices":[],"_links":{"self":[{"href":"https:\/\/tagfilhos.com.br\/index.php?rest_route=\/wp\/v2\/pages\/61","targetHints":{"allow":["GET"]}}],"collection":[{"href":"https:\/\/tagfilhos.com.br\/index.php?rest_route=\/wp\/v2\/pages"}],"about":[{"href":"https:\/\/tagfilhos.com.br\/index.php?rest_route=\/wp\/v2\/types\/page"}],"author":[{"embeddable":true,"href":"https:\/\/tagfilhos.com.br\/index.php?rest_route=\/wp\/v2\/users\/1"}],"replies":[{"embeddable":true,"href":"https:\/\/tagfilhos.com.br\/index.php?rest_route=%2Fwp%2Fv2%2Fcomments&post=61"}],"version-history":[{"count":89,"href":"https:\/\/tagfilhos.com.br\/index.php?rest_route=\/wp\/v2\/pages\/61\/revisions"}],"predecessor-version":[{"id":3051,"href":"https:\/\/tagfilhos.com.br\/index.php?rest_route=\/wp\/v2\/pages\/61\/revisions\/3051"}],"wp:attachment":[{"href":"https:\/\/tagfilhos.com.br\/index.php?rest_route=%2Fwp%2Fv2%2Fmedia&parent=61"}],"curies":[{"name":"wp","href":"https:\/\/api.w.org\/{rel}","templated":true}]}}